{"id":19,"date":"2022-09-03T01:27:44","date_gmt":"2022-09-03T01:27:44","guid":{"rendered":"https:\/\/ip.ufal.br\/observio\/?page_id=19"},"modified":"2024-03-18T13:40:11","modified_gmt":"2024-03-18T13:40:11","slug":"quem-somos","status":"publish","type":"page","link":"https:\/\/ip.ufal.br\/observio\/quem-somos\/","title":{"rendered":"Quem somos"},"content":{"rendered":"\t\t<div data-elementor-type=\"wp-page\" data-elementor-id=\"19\" class=\"elementor elementor-19\" data-elementor-post-type=\"page\">\n\t\t\t\t<div class=\"elementor-element elementor-element-e30e3a9 e-flex e-con-boxed e-con e-parent\" data-id=\"e30e3a9\" data-element_type=\"container\" data-e-type=\"container\">\n\t\t\t\t\t<div class=\"e-con-inner\">\n\t\t\t\t<div class=\"elementor-element elementor-element-d713389 elementor-widget elementor-widget-heading\" data-id=\"d713389\" data-element_type=\"widget\" data-e-type=\"widget\" data-widget_type=\"heading.default\">\n\t\t\t\t<div class=\"elementor-widget-container\">\n\t\t\t\t\t<h2 class=\"elementor-heading-title elementor-size-default\">QUEM SOMOS:<\/h2>\t\t\t\t<\/div>\n\t\t\t\t<\/div>\n\t\t\t\t\t<\/div>\n\t\t\t\t<\/div>\n\t\t<div class=\"elementor-element elementor-element-f413b3c e-flex e-con-boxed e-con e-parent\" data-id=\"f413b3c\" data-element_type=\"container\" data-e-type=\"container\">\n\t\t\t\t\t<div class=\"e-con-inner\">\n\t\t\t\t<div class=\"elementor-element elementor-element-152ae75 elementor-widget elementor-widget-heading\" data-id=\"152ae75\" data-element_type=\"widget\" data-e-type=\"widget\" data-widget_type=\"heading.default\">\n\t\t\t\t<div class=\"elementor-widget-container\">\n\t\t\t\t\t<h2 class=\"elementor-heading-title elementor-size-default\">O que \u00e9?<\/h2>\t\t\t\t<\/div>\n\t\t\t\t<\/div>\n\t\t\t\t\t<\/div>\n\t\t\t\t<\/div>\n\t\t<div class=\"elementor-element elementor-element-f2aefe5 e-flex e-con-boxed e-con e-parent\" data-id=\"f2aefe5\" data-element_type=\"container\" data-e-type=\"container\">\n\t\t\t\t\t<div class=\"e-con-inner\">\n\t\t\t\t<div class=\"elementor-element elementor-element-b66bb9c elementor-widget elementor-widget-text-editor\" data-id=\"b66bb9c\" data-element_type=\"widget\" data-e-type=\"widget\" data-widget_type=\"text-editor.default\">\n\t\t\t\t<div class=\"elementor-widget-container\">\n\t\t\t\t\t\t\t\t\t<p>Observio \u00e9 o Observato\u0301rio de Viole\u0302ncia contra a Crianc\u0327a e Adolescente em Alagoas.<\/p>\t\t\t\t\t\t\t\t<\/div>\n\t\t\t\t<\/div>\n\t\t\t\t\t<\/div>\n\t\t\t\t<\/div>\n\t\t<div class=\"elementor-element elementor-element-164919c e-flex e-con-boxed e-con e-parent\" data-id=\"164919c\" data-element_type=\"container\" data-e-type=\"container\">\n\t\t\t\t\t<div class=\"e-con-inner\">\n\t\t\t\t<div class=\"elementor-element elementor-element-850bb3c elementor-widget elementor-widget-heading\" data-id=\"850bb3c\" data-element_type=\"widget\" data-e-type=\"widget\" data-widget_type=\"heading.default\">\n\t\t\t\t<div class=\"elementor-widget-container\">\n\t\t\t\t\t<h2 class=\"elementor-heading-title elementor-size-default\">Como surgiu?<\/h2>\t\t\t\t<\/div>\n\t\t\t\t<\/div>\n\t\t\t\t\t<\/div>\n\t\t\t\t<\/div>\n\t\t<div class=\"elementor-element elementor-element-414d435 e-flex e-con-boxed e-con e-parent\" data-id=\"414d435\" data-element_type=\"container\" data-e-type=\"container\">\n\t\t\t\t\t<div class=\"e-con-inner\">\n\t\t\t\t<div class=\"elementor-element elementor-element-ef712e7 elementor-widget elementor-widget-text-editor\" data-id=\"ef712e7\" data-element_type=\"widget\" data-e-type=\"widget\" data-widget_type=\"text-editor.default\">\n\t\t\t\t<div class=\"elementor-widget-container\">\n\t\t\t\t\t\t\t\t\t<p>Por meio do Projeto Investigac\u0327a\u0303o e intervenc\u0327a\u0303o junto a\u0300 Rede de Atenc\u0327a\u0303o a\u0300s Vi\u0301timas<br \/>de Viole\u0302ncia do Estado de Alagoas, com intuito de potencializar a\u00e7\u00f5es de investiga\u00e7\u00e3o<br \/>e interven\u00e7\u00e3o acerca da viol\u00eancia contra crian\u00e7as e adolescentes e fortalecer o combate e<br \/>enfrentamento deste tipo de viol\u00eancia no estado de Alagoas.<\/p>\t\t\t\t\t\t\t\t<\/div>\n\t\t\t\t<\/div>\n\t\t\t\t\t<\/div>\n\t\t\t\t<\/div>\n\t\t<div class=\"elementor-element elementor-element-3da8fe4 e-flex e-con-boxed e-con e-parent\" data-id=\"3da8fe4\" data-element_type=\"container\" data-e-type=\"container\">\n\t\t\t\t\t<div class=\"e-con-inner\">\n\t\t\t\t<div class=\"elementor-element elementor-element-a6cb117 elementor-widget elementor-widget-heading\" data-id=\"a6cb117\" data-element_type=\"widget\" data-e-type=\"widget\" data-widget_type=\"heading.default\">\n\t\t\t\t<div class=\"elementor-widget-container\">\n\t\t\t\t\t<h2 class=\"elementor-heading-title elementor-size-default\">Objetivo<\/h2>\t\t\t\t<\/div>\n\t\t\t\t<\/div>\n\t\t\t\t\t<\/div>\n\t\t\t\t<\/div>\n\t\t<div class=\"elementor-element elementor-element-02b911c e-flex e-con-boxed e-con e-parent\" data-id=\"02b911c\" data-element_type=\"container\" data-e-type=\"container\">\n\t\t\t\t\t<div class=\"e-con-inner\">\n\t\t\t\t<div class=\"elementor-element elementor-element-ed7947c elementor-widget elementor-widget-text-editor\" data-id=\"ed7947c\" data-element_type=\"widget\" data-e-type=\"widget\" data-widget_type=\"text-editor.default\">\n\t\t\t\t<div class=\"elementor-widget-container\">\n\t\t\t\t\t\t\t\t\t<ul><li>Prevenir e intervir no enfrentamento da Viole\u0302ncia contra a Crianc\u0327a e<br \/>Adolescente no estado de Alagoas;<\/li><li>Possibilitar \u00e0 popula\u00e7\u00e3o de forma geral acesso a informa\u00e7\u00f5es sobre como<br \/>notificar, prevenir e intervir frente as viol\u00eancias;<\/li><li>Divulgar materiais educativos acerca da preven\u00e7\u00e3o e enfrentamento das<br \/>viol\u00eancias;<\/li><li>Oferecer aos diversos profissionais (educa\u00e7\u00e3o, sa\u00fade, assist\u00eancia social,<br \/>direito&#8230;) conhecimento cient\u00edfico que possibilite a reflex\u00e3o, forma\u00e7\u00e3o e<br \/>potencializa\u00e7\u00e3o de a\u00e7\u00f5es de preven\u00e7\u00e3o e combate as viol\u00eancias.<\/li><\/ul>\t\t\t\t\t\t\t\t<\/div>\n\t\t\t\t<\/div>\n\t\t\t\t\t<\/div>\n\t\t\t\t<\/div>\n\t\t<div class=\"elementor-element elementor-element-3d6d080 e-flex e-con-boxed e-con e-parent\" data-id=\"3d6d080\" data-element_type=\"container\" data-e-type=\"container\">\n\t\t\t\t\t<div class=\"e-con-inner\">\n\t\t\t\t<div class=\"elementor-element elementor-element-e82550b elementor-widget elementor-widget-heading\" data-id=\"e82550b\" data-element_type=\"widget\" data-e-type=\"widget\" data-widget_type=\"heading.default\">\n\t\t\t\t<div class=\"elementor-widget-container\">\n\t\t\t\t\t<h2 class=\"elementor-heading-title elementor-size-default\">Equipe docente<\/h2>\t\t\t\t<\/div>\n\t\t\t\t<\/div>\n\t\t\t\t\t<\/div>\n\t\t\t\t<\/div>\n\t\t<div class=\"elementor-element elementor-element-8e4de92 e-flex e-con-boxed e-con e-parent\" data-id=\"8e4de92\" data-element_type=\"container\" data-e-type=\"container\">\n\t\t\t\t\t<div class=\"e-con-inner\">\n\t\t\t\t<div class=\"elementor-element elementor-element-5b5cc2d elementor-widget elementor-widget-text-editor\" data-id=\"5b5cc2d\" data-element_type=\"widget\" data-e-type=\"widget\" data-widget_type=\"text-editor.default\">\n\t\t\t\t<div class=\"elementor-widget-container\">\n\t\t\t\t\t\t\t\t\t<p><strong>IP\/PPGP\/UFAL:<\/strong><\/p><p>&#8211; Paula Orchiucci Miura (coordenadora)<br \/>&#8211; Ad\u00e9lia Augusta Souto de Oliveira<br \/>&#8211; Angelina Nunes de Vasconcelos<\/p>\t\t\t\t\t\t\t\t<\/div>\n\t\t\t\t<\/div>\n\t\t\t\t\t<\/div>\n\t\t\t\t<\/div>\n\t\t\t\t<\/div>\n\t\t","protected":false},"excerpt":{"rendered":"<p>QUEM SOMOS: O que \u00e9? Observio \u00e9 o Observato\u0301rio de Viole\u0302ncia contra a Crianc\u0327a e Adolescente em Alagoas. Como surgiu? Por meio do Projeto Investigac\u0327a\u0303o e intervenc\u0327a\u0303o junto a\u0300 Rede de Atenc\u0327a\u0303o a\u0300s Vi\u0301timasde Viole\u0302ncia do Estado de Alagoas, com intuito de potencializar a\u00e7\u00f5es de investiga\u00e7\u00e3oe interven\u00e7\u00e3o acerca da viol\u00eancia contra crian\u00e7as e adolescentes e [&hellip;]<\/p>\n","protected":false},"author":1,"featured_media":0,"parent":0,"menu_order":0,"comment_status":"closed","ping_status":"closed","template":"elementor_header_footer","meta":{"footnotes":""},"class_list":["post-19","page","type-page","status-publish","hentry"],"_links":{"self":[{"href":"https:\/\/ip.ufal.br\/observio\/wp-json\/wp\/v2\/pages\/19","targetHints":{"allow":["GET"]}}],"collection":[{"href":"https:\/\/ip.ufal.br\/observio\/wp-json\/wp\/v2\/pages"}],"about":[{"href":"https:\/\/ip.ufal.br\/observio\/wp-json\/wp\/v2\/types\/page"}],"author":[{"embeddable":true,"href":"https:\/\/ip.ufal.br\/observio\/wp-json\/wp\/v2\/users\/1"}],"replies":[{"embeddable":true,"href":"https:\/\/ip.ufal.br\/observio\/wp-json\/wp\/v2\/comments?post=19"}],"version-history":[{"count":19,"href":"https:\/\/ip.ufal.br\/observio\/wp-json\/wp\/v2\/pages\/19\/revisions"}],"predecessor-version":[{"id":317,"href":"https:\/\/ip.ufal.br\/observio\/wp-json\/wp\/v2\/pages\/19\/revisions\/317"}],"wp:attachment":[{"href":"https:\/\/ip.ufal.br\/observio\/wp-json\/wp\/v2\/media?parent=19"}],"curies":[{"name":"wp","href":"https:\/\/api.w.org\/{rel}","templated":true}]}}